{"id":254,"date":"2024-01-06T10:32:56","date_gmt":"2024-01-06T09:32:56","guid":{"rendered":"https:\/\/valeriegervasoni.fr\/?page_id=254"},"modified":"2024-12-11T17:48:17","modified_gmt":"2024-12-11T16:48:17","slug":"contact","status":"publish","type":"page","link":"https:\/\/valeriegervasoni.fr\/index.php\/contact\/","title":{"rendered":"Contact"},"content":{"rendered":"\t\t<div data-elementor-type=\"wp-page\" data-elementor-id=\"254\" class=\"elementor elementor-254\">\n\t\t\t\t<div class=\"elementor-element elementor-element-5d87c3f e-flex e-con-boxed e-con e-parent\" data-id=\"5d87c3f\" data-element_type=\"container\" data-e-type=\"container\">\n\t\t\t\t\t<div class=\"e-con-inner\">\n\t\t<div class=\"elementor-element elementor-element-36a1e92 e-con-full e-flex e-con e-child\" data-id=\"36a1e92\" data-element_type=\"container\" data-e-type=\"container\">\n\t\t\t\t<div class=\"elementor-element elementor-element-b5aacac elementor-widget elementor-widget-text-editor\" data-id=\"b5aacac\" data-element_type=\"widget\" data-e-type=\"widget\" data-widget_type=\"text-editor.default\">\n\t\t\t\t<div class=\"elementor-widget-container\">\n\t\t\t\t\t\t\t\t\t<div id=\"comp-l6wcxdq43\" class=\"BaOVQ8 tz5f0K comp-l6wcxdq43 wixui-rich-text\" data-testid=\"richTextElement\"><h1 class=\"font_5 wixui-rich-text__text\"><span class=\"color_15 wixui-rich-text__text\">\u00a0 \u00a0 \u00a0 \u00a0 \u00a0 \u00a0 \u00a0 \u00a0 Contact<\/span><\/h1><\/div><div id=\"comp-l6wcxdq44\" class=\"BaOVQ8 tz5f0K comp-l6wcxdq44 wixui-rich-text\" data-testid=\"richTextElement\"><p class=\"font_8 wixui-rich-text__text\"><span class=\"color_15 wixui-rich-text__text\"><span class=\"wixui-rich-text__text\">Val\u00e9rie GERVASONI<\/span><\/span><\/p><p class=\"font_8 wixui-rich-text__text\"><span class=\"color_15 wixui-rich-text__text\"><span class=\"wixui-rich-text__text\">171 Chemin des Eglantines\u00a0<\/span><\/span><\/p><p class=\"font_8 wixui-rich-text__text\"><span class=\"color_15 wixui-rich-text__text\"><span class=\"wixui-rich-text__text\">38250 VILLARD DE LANS<\/span><\/span><\/p><\/div><div id=\"comp-l7eqzqil\" class=\"BaOVQ8 tz5f0K comp-l7eqzqil wixui-rich-text\" data-testid=\"richTextElement\"><p class=\"font_8 wixui-rich-text__text\"><span class=\"color_15 wixui-rich-text__text\"><a class=\"wixui-rich-text__text\" href=\"mailto:valeriegervasoni38@gmail.com\" data-auto-recognition=\"true\">valeriegervasoni38@gmail.com<\/a><\/span><\/p><\/div><div id=\"comp-l6wcxdq51\" class=\"BaOVQ8 tz5f0K comp-l6wcxdq51 wixui-rich-text\" data-testid=\"richTextElement\"><p class=\"font_8 wixui-rich-text__text\"><span class=\"color_15 wixui-rich-text__text\">06 25 25 68 57<\/span><\/p><\/div><div id=\"comp-l7eqztwg\" class=\"BaOVQ8 tz5f0K comp-l7eqztwg wixui-rich-text\" data-testid=\"richTextElement\"><p class=\"font_8 wixui-rich-text__text\"><span class=\"color_15 wixui-rich-text__text\">Siret : 393 317 680 00048<\/span><\/p><\/div>\t\t\t\t\t\t\t\t<\/div>\n\t\t\t\t<\/div>\n\t\t\t\t<div class=\"elementor-element elementor-element-10d05ae elementor-widget elementor-widget-google_maps\" data-id=\"10d05ae\" data-element_type=\"widget\" data-e-type=\"widget\" data-widget_type=\"google_maps.default\">\n\t\t\t\t<div class=\"elementor-widget-container\">\n\t\t\t\t\t\t\t<div class=\"elementor-custom-embed\">\n\t\t\t<iframe loading=\"lazy\"\n\t\t\t\t\tsrc=\"https:\/\/maps.google.com\/maps?q=valerie%20gervasoni%20171%20Chemin%20des%20Eglantines%C2%A0%20%2038250%20VILLARD%20DE%20LANS&#038;t=m&#038;z=14&#038;output=embed&#038;iwloc=near\"\n\t\t\t\t\ttitle=\"valerie gervasoni 171 Chemin des Eglantines\u00a0  38250 VILLARD DE LANS\"\n\t\t\t\t\taria-label=\"valerie gervasoni 171 Chemin des Eglantines\u00a0  38250 VILLARD DE LANS\"\n\t\t\t><\/iframe>\n\t\t<\/div>\n\t\t\t\t\t\t<\/div>\n\t\t\t\t<\/div>\n\t\t\t\t<\/div>\n\t\t<div class=\"elementor-element elementor-element-56f5a27 e-con-full e-flex e-con e-child\" data-id=\"56f5a27\" data-element_type=\"container\" data-e-type=\"container\">\n\t\t\t\t<div class=\"elementor-element elementor-element-0532c7c elementor-shape-rounded elementor-grid-0 e-grid-align-center elementor-widget elementor-widget-social-icons\" data-id=\"0532c7c\" data-element_type=\"widget\" data-e-type=\"widget\" data-widget_type=\"social-icons.default\">\n\t\t\t\t<div class=\"elementor-widget-container\">\n\t\t\t\t\t\t\t<div class=\"elementor-social-icons-wrapper elementor-grid\" role=\"list\">\n\t\t\t\t\t\t\t<span class=\"elementor-grid-item\" role=\"listitem\">\n\t\t\t\t\t<a class=\"elementor-icon elementor-social-icon elementor-social-icon-facebook elementor-repeater-item-3169686\" href=\"https:\/\/www.facebook.com\/profile.php?id=100085889790734\" target=\"_blank\">\n\t\t\t\t\t\t<span class=\"elementor-screen-only\">Facebook<\/span>\n\t\t\t\t\t\t<svg aria-hidden=\"true\" class=\"e-font-icon-svg e-fab-facebook\" viewBox=\"0 0 512 512\" xmlns=\"http:\/\/www.w3.org\/2000\/svg\"><path d=\"M504 256C504 119 393 8 256 8S8 119 8 256c0 123.78 90.69 226.38 209.25 245V327.69h-63V256h63v-54.64c0-62.15 37-96.48 93.67-96.48 27.14 0 55.52 4.84 55.52 4.84v61h-31.28c-30.8 0-40.41 19.12-40.41 38.73V256h68.78l-11 71.69h-57.78V501C413.31 482.38 504 379.78 504 256z\"><\/path><\/svg>\t\t\t\t\t<\/a>\n\t\t\t\t<\/span>\n\t\t\t\t\t\t\t<span class=\"elementor-grid-item\" role=\"listitem\">\n\t\t\t\t\t<a class=\"elementor-icon elementor-social-icon elementor-social-icon-instagram elementor-repeater-item-0d4424c\" href=\"https:\/\/www.instagram.com\/val.gervasoni\/\" target=\"_blank\">\n\t\t\t\t\t\t<span class=\"elementor-screen-only\">Instagram<\/span>\n\t\t\t\t\t\t<svg aria-hidden=\"true\" class=\"e-font-icon-svg e-fab-instagram\" viewBox=\"0 0 448 512\" xmlns=\"http:\/\/www.w3.org\/2000\/svg\"><path d=\"M224.1 141c-63.6 0-114.9 51.3-114.9 114.9s51.3 114.9 114.9 114.9S339 319.5 339 255.9 287.7 141 224.1 141zm0 189.6c-41.1 0-74.7-33.5-74.7-74.7s33.5-74.7 74.7-74.7 74.7 33.5 74.7 74.7-33.6 74.7-74.7 74.7zm146.4-194.3c0 14.9-12 26.8-26.8 26.8-14.9 0-26.8-12-26.8-26.8s12-26.8 26.8-26.8 26.8 12 26.8 26.8zm76.1 27.2c-1.7-35.9-9.9-67.7-36.2-93.9-26.2-26.2-58-34.4-93.9-36.2-37-2.1-147.9-2.1-184.9 0-35.8 1.7-67.6 9.9-93.9 36.1s-34.4 58-36.2 93.9c-2.1 37-2.1 147.9 0 184.9 1.7 35.9 9.9 67.7 36.2 93.9s58 34.4 93.9 36.2c37 2.1 147.9 2.1 184.9 0 35.9-1.7 67.7-9.9 93.9-36.2 26.2-26.2 34.4-58 36.2-93.9 2.1-37 2.1-147.8 0-184.8zM398.8 388c-7.8 19.6-22.9 34.7-42.6 42.6-29.5 11.7-99.5 9-132.1 9s-102.7 2.6-132.1-9c-19.6-7.8-34.7-22.9-42.6-42.6-11.7-29.5-9-99.5-9-132.1s-2.6-102.7 9-132.1c7.8-19.6 22.9-34.7 42.6-42.6 29.5-11.7 99.5-9 132.1-9s102.7-2.6 132.1 9c19.6 7.8 34.7 22.9 42.6 42.6 11.7 29.5 9 99.5 9 132.1s2.7 102.7-9 132.1z\"><\/path><\/svg>\t\t\t\t\t<\/a>\n\t\t\t\t<\/span>\n\t\t\t\t\t\t\t<span class=\"elementor-grid-item\" role=\"listitem\">\n\t\t\t\t\t<a class=\"elementor-icon elementor-social-icon elementor-social-icon-linkedin elementor-repeater-item-07a18d1\" target=\"_blank\">\n\t\t\t\t\t\t<span class=\"elementor-screen-only\">Linkedin<\/span>\n\t\t\t\t\t\t<svg aria-hidden=\"true\" class=\"e-font-icon-svg e-fab-linkedin\" viewBox=\"0 0 448 512\" xmlns=\"http:\/\/www.w3.org\/2000\/svg\"><path d=\"M416 32H31.9C14.3 32 0 46.5 0 64.3v383.4C0 465.5 14.3 480 31.9 480H416c17.6 0 32-14.5 32-32.3V64.3c0-17.8-14.4-32.3-32-32.3zM135.4 416H69V202.2h66.5V416zm-33.2-243c-21.3 0-38.5-17.3-38.5-38.5S80.9 96 102.2 96c21.2 0 38.5 17.3 38.5 38.5 0 21.3-17.2 38.5-38.5 38.5zm282.1 243h-66.4V312c0-24.8-.5-56.7-34.5-56.7-34.6 0-39.9 27-39.9 54.9V416h-66.4V202.2h63.7v29.2h.9c8.9-16.8 30.6-34.5 62.9-34.5 67.2 0 79.7 44.3 79.7 101.9V416z\"><\/path><\/svg>\t\t\t\t\t<\/a>\n\t\t\t\t<\/span>\n\t\t\t\t\t<\/div>\n\t\t\t\t\t\t<\/div>\n\t\t\t\t<\/div>\n\t\t\t\t<div class=\"elementor-element elementor-element-3466772 elementor-widget elementor-widget-text-editor\" data-id=\"3466772\" data-element_type=\"widget\" data-e-type=\"widget\" data-widget_type=\"text-editor.default\">\n\t\t\t\t<div class=\"elementor-widget-container\">\n\t\t\t\t\t\t\t\t\t<p>\n<div class=\"wpcf7 no-js\" id=\"wpcf7-f374-o1\" lang=\"fr-FR\" dir=\"ltr\" data-wpcf7-id=\"374\">\n<div class=\"screen-reader-response\"><p role=\"status\" aria-live=\"polite\" aria-atomic=\"true\"><\/p> <ul><\/ul><\/div>\n<form action=\"\/index.php\/wp-json\/wp\/v2\/pages\/254#wpcf7-f374-o1\" method=\"post\" class=\"wpcf7-form init\" aria-label=\"Formulaire de contact\" novalidate=\"novalidate\" data-status=\"init\">\n<fieldset class=\"hidden-fields-container\"><input type=\"hidden\" name=\"_wpcf7\" value=\"374\" \/><input type=\"hidden\" name=\"_wpcf7_version\" value=\"6.1.5\" \/><input type=\"hidden\" name=\"_wpcf7_locale\" value=\"fr_FR\" \/><input type=\"hidden\" name=\"_wpcf7_unit_tag\" value=\"wpcf7-f374-o1\" \/><input type=\"hidden\" name=\"_wpcf7_container_post\" value=\"0\" \/><input type=\"hidden\" name=\"_wpcf7_posted_data_hash\" value=\"\" \/><input type=\"hidden\" name=\"_wpcf7_recaptcha_response\" value=\"\" \/>\n<\/fieldset>\n<p><label> Votre nom<br \/>\n<span class=\"wpcf7-form-control-wrap\" data-name=\"your-name\"><input size=\"40\" maxlength=\"400\" class=\"wpcf7-form-control wpcf7-text wpcf7-validates-as-required\" autocomplete=\"name\" aria-required=\"true\" aria-invalid=\"false\" value=\"\" type=\"text\" name=\"your-name\" \/><\/span> <\/label>\n<\/p>\n<p><label> Votre e-mail<br \/>\n<span class=\"wpcf7-form-control-wrap\" data-name=\"your-email\"><input size=\"40\" maxlength=\"400\" class=\"wpcf7-form-control wpcf7-email wpcf7-validates-as-required wpcf7-text wpcf7-validates-as-email\" autocomplete=\"email\" aria-required=\"true\" aria-invalid=\"false\" value=\"\" type=\"email\" name=\"your-email\" \/><\/span> <\/label>\n<\/p>\n<p><label> Objet<br \/>\n<span class=\"wpcf7-form-control-wrap\" data-name=\"your-subject\"><input size=\"40\" maxlength=\"400\" class=\"wpcf7-form-control wpcf7-text wpcf7-validates-as-required\" aria-required=\"true\" aria-invalid=\"false\" value=\"\" type=\"text\" name=\"your-subject\" \/><\/span> <\/label>\n<\/p>\n<p><label> Votre message (facultatif)<br \/>\n<span class=\"wpcf7-form-control-wrap\" data-name=\"your-message\"><textarea cols=\"40\" rows=\"10\" maxlength=\"2000\" class=\"wpcf7-form-control wpcf7-textarea\" aria-invalid=\"false\" name=\"your-message\"><\/textarea><\/span> <\/label>\n<\/p>\n<p><input class=\"wpcf7-form-control wpcf7-submit has-spinner\" type=\"submit\" value=\"Envoyer\" \/>\n<\/p><p style=\"display: none !important;\" class=\"akismet-fields-container\" data-prefix=\"_wpcf7_ak_\"><label>&#916;<textarea name=\"_wpcf7_ak_hp_textarea\" cols=\"45\" rows=\"8\" maxlength=\"100\"><\/textarea><\/label><input type=\"hidden\" id=\"ak_js_1\" name=\"_wpcf7_ak_js\" value=\"244\"\/><script>\ndocument.getElementById( \"ak_js_1\" ).setAttribute( \"value\", ( new Date() ).getTime() );\n<\/script>\n<\/p><div class=\"wpcf7-response-output\" aria-hidden=\"true\"><\/div>\n<\/form>\n<\/div>\n<\/p>\t\t\t\t\t\t\t\t<\/div>\n\t\t\t\t<\/div>\n\t\t\t\t<\/div>\n\t\t\t\t\t<\/div>\n\t\t\t\t<\/div>\n\t\t<div class=\"elementor-element elementor-element-bf0a962 e-flex e-con-boxed e-con e-parent\" data-id=\"bf0a962\" data-element_type=\"container\" data-e-type=\"container\">\n\t\t\t\t\t<div class=\"e-con-inner\">\n\t\t\t\t<div class=\"elementor-element elementor-element-8feb9d9 elementor-widget elementor-widget-image\" data-id=\"8feb9d9\" data-element_type=\"widget\" data-e-type=\"widget\" data-widget_type=\"image.default\">\n\t\t\t\t<div class=\"elementor-widget-container\">\n\t\t\t\t\t\t\t\t\t\t\t\t\t\t\t<img fetchpriority=\"high\" decoding=\"async\" width=\"768\" height=\"147\" src=\"https:\/\/i0.wp.com\/valeriegervasoni.fr\/wp-content\/uploads\/2024\/01\/montagne.jpg?fit=768%2C147&amp;ssl=1\" class=\"attachment-medium_large size-medium_large wp-image-464\" alt=\"\" srcset=\"https:\/\/i0.wp.com\/valeriegervasoni.fr\/wp-content\/uploads\/2024\/01\/montagne.jpg?w=1728&amp;ssl=1 1728w, https:\/\/i0.wp.com\/valeriegervasoni.fr\/wp-content\/uploads\/2024\/01\/montagne.jpg?resize=300%2C57&amp;ssl=1 300w, https:\/\/i0.wp.com\/valeriegervasoni.fr\/wp-content\/uploads\/2024\/01\/montagne.jpg?resize=1024%2C196&amp;ssl=1 1024w, https:\/\/i0.wp.com\/valeriegervasoni.fr\/wp-content\/uploads\/2024\/01\/montagne.jpg?resize=768%2C147&amp;ssl=1 768w, https:\/\/i0.wp.com\/valeriegervasoni.fr\/wp-content\/uploads\/2024\/01\/montagne.jpg?resize=1536%2C293&amp;ssl=1 1536w, https:\/\/i0.wp.com\/valeriegervasoni.fr\/wp-content\/uploads\/2024\/01\/montagne.jpg?w=1600&amp;ssl=1 1600w\" sizes=\"(max-width: 768px) 100vw, 768px\" \/>\t\t\t\t\t\t\t\t\t\t\t\t\t\t\t<\/div>\n\t\t\t\t<\/div>\n\t\t\t\t\t<\/div>\n\t\t\t\t<\/div>\n\t\t\t\t<\/div>\n\t\t","protected":false},"excerpt":{"rendered":"<p>\u00a0 \u00a0 \u00a0 \u00a0 \u00a0 \u00a0 \u00a0 \u00a0 Contact Val\u00e9rie GERVASONI 171 Chemin des Eglantines\u00a0 38250 VILLARD DE LANS valeriegervasoni38@gmail.com 06 25 25 68 57 Siret : 393 317 680 [&hellip;]<\/p>\n","protected":false},"author":1,"featured_media":0,"parent":0,"menu_order":0,"comment_status":"closed","ping_status":"closed","template":"elementor_header_footer","meta":{"_price":"","_stock":"","_tribe_ticket_header":"","_tribe_default_ticket_provider":"","_ticket_start_date":"","_ticket_end_date":"","_tribe_ticket_show_description":"","_tribe_ticket_show_not_going":false,"_tribe_ticket_use_global_stock":"","_tribe_ticket_global_stock_level":"","_global_stock_mode":"","_global_stock_cap":"","_tribe_rsvp_for_event":"","_tribe_ticket_going_count":"","_tribe_ticket_not_going_count":"","_tribe_tickets_list":"[]","_tribe_ticket_has_attendee_info_fields":false,"jetpack_post_was_ever_published":false,"footnotes":""},"class_list":["post-254","page","type-page","status-publish","hentry"],"yoast_head":"<!-- This site is optimized with the Yoast SEO plugin v26.9 - https:\/\/yoast.com\/product\/yoast-seo-wordpress\/ -->\n<title>Val\u00e9rie Gervasoni contact Villard-de-Lans<\/title>\n<meta name=\"description\" content=\"Val\u00e9rie Gervasoni contact \u00e0 Villard-de-Lans Vercors. Reiki communication animale v\u00e9g\u00e9tale intuitive. Formations\" \/>\n<meta name=\"robots\" content=\"index, follow, max-snippet:-1, max-image-preview:large, max-video-preview:-1\" \/>\n<link rel=\"canonical\" href=\"https:\/\/valeriegervasoni.fr\/index.php\/contact\/\" \/>\n<meta property=\"og:locale\" content=\"fr_FR\" \/>\n<meta property=\"og:type\" content=\"article\" \/>\n<meta property=\"og:title\" content=\"Val\u00e9rie Gervasoni contact Villard-de-Lans\" \/>\n<meta property=\"og:description\" content=\"Val\u00e9rie Gervasoni contact \u00e0 Villard-de-Lans Vercors. Reiki communication animale v\u00e9g\u00e9tale intuitive. Formations\" \/>\n<meta property=\"og:url\" content=\"https:\/\/valeriegervasoni.fr\/index.php\/contact\/\" \/>\n<meta property=\"og:site_name\" content=\"Val\u00e9rie GERVASONI\" \/>\n<meta property=\"article:publisher\" content=\"https:\/\/www.facebook.com\/profile.php?id=100085889790734\" \/>\n<meta property=\"article:modified_time\" content=\"2024-12-11T16:48:17+00:00\" \/>\n<meta property=\"og:image\" content=\"https:\/\/valeriegervasoni.fr\/wp-content\/uploads\/2024\/01\/montagne-768x147.jpg\" \/>\n<meta name=\"twitter:card\" content=\"summary_large_image\" \/>\n<meta name=\"twitter:label1\" content=\"Dur\u00e9e de lecture estim\u00e9e\" \/>\n\t<meta name=\"twitter:data1\" content=\"1 minute\" \/>\n<script type=\"application\/ld+json\" class=\"yoast-schema-graph\">{\"@context\":\"https:\/\/schema.org\",\"@graph\":[{\"@type\":\"WebPage\",\"@id\":\"https:\/\/valeriegervasoni.fr\/index.php\/contact\/\",\"url\":\"https:\/\/valeriegervasoni.fr\/index.php\/contact\/\",\"name\":\"Val\u00e9rie Gervasoni contact Villard-de-Lans\",\"isPartOf\":{\"@id\":\"https:\/\/valeriegervasoni.fr\/#website\"},\"primaryImageOfPage\":{\"@id\":\"https:\/\/valeriegervasoni.fr\/index.php\/contact\/#primaryimage\"},\"image\":{\"@id\":\"https:\/\/valeriegervasoni.fr\/index.php\/contact\/#primaryimage\"},\"thumbnailUrl\":\"https:\/\/valeriegervasoni.fr\/wp-content\/uploads\/2024\/01\/montagne-768x147.jpg\",\"datePublished\":\"2024-01-06T09:32:56+00:00\",\"dateModified\":\"2024-12-11T16:48:17+00:00\",\"description\":\"Val\u00e9rie Gervasoni contact \u00e0 Villard-de-Lans Vercors. Reiki communication animale v\u00e9g\u00e9tale intuitive. Formations\",\"breadcrumb\":{\"@id\":\"https:\/\/valeriegervasoni.fr\/index.php\/contact\/#breadcrumb\"},\"inLanguage\":\"fr-FR\",\"potentialAction\":[{\"@type\":\"ReadAction\",\"target\":[\"https:\/\/valeriegervasoni.fr\/index.php\/contact\/\"]}]},{\"@type\":\"ImageObject\",\"inLanguage\":\"fr-FR\",\"@id\":\"https:\/\/valeriegervasoni.fr\/index.php\/contact\/#primaryimage\",\"url\":\"https:\/\/i0.wp.com\/valeriegervasoni.fr\/wp-content\/uploads\/2024\/01\/montagne.jpg?fit=1728%2C330&ssl=1\",\"contentUrl\":\"https:\/\/i0.wp.com\/valeriegervasoni.fr\/wp-content\/uploads\/2024\/01\/montagne.jpg?fit=1728%2C330&ssl=1\",\"width\":1728,\"height\":330},{\"@type\":\"BreadcrumbList\",\"@id\":\"https:\/\/valeriegervasoni.fr\/index.php\/contact\/#breadcrumb\",\"itemListElement\":[{\"@type\":\"ListItem\",\"position\":1,\"name\":\"Accueil\",\"item\":\"https:\/\/valeriegervasoni.fr\/\"},{\"@type\":\"ListItem\",\"position\":2,\"name\":\"Contact\"}]},{\"@type\":\"WebSite\",\"@id\":\"https:\/\/valeriegervasoni.fr\/#website\",\"url\":\"https:\/\/valeriegervasoni.fr\/\",\"name\":\"Val\u00e9rie GERVASONI\",\"description\":\"SE CONNECTER AU VIVANT POUR S\u2019OUVRIR A UN MONDE PLUS GRAND\",\"publisher\":{\"@id\":\"https:\/\/valeriegervasoni.fr\/#organization\"},\"potentialAction\":[{\"@type\":\"SearchAction\",\"target\":{\"@type\":\"EntryPoint\",\"urlTemplate\":\"https:\/\/valeriegervasoni.fr\/?s={search_term_string}\"},\"query-input\":{\"@type\":\"PropertyValueSpecification\",\"valueRequired\":true,\"valueName\":\"search_term_string\"}}],\"inLanguage\":\"fr-FR\"},{\"@type\":\"Organization\",\"@id\":\"https:\/\/valeriegervasoni.fr\/#organization\",\"name\":\"Val\u00e9rie GERVASONI\",\"url\":\"https:\/\/valeriegervasoni.fr\/\",\"logo\":{\"@type\":\"ImageObject\",\"inLanguage\":\"fr-FR\",\"@id\":\"https:\/\/valeriegervasoni.fr\/#\/schema\/logo\/image\/\",\"url\":\"https:\/\/i0.wp.com\/valeriegervasoni.fr\/wp-content\/uploads\/2024\/12\/cropped-cropped-Beige-Simple-Elegant-Personal-LinkedIn-Banner-1.png?fit=1582%2C394&ssl=1\",\"contentUrl\":\"https:\/\/i0.wp.com\/valeriegervasoni.fr\/wp-content\/uploads\/2024\/12\/cropped-cropped-Beige-Simple-Elegant-Personal-LinkedIn-Banner-1.png?fit=1582%2C394&ssl=1\",\"width\":1582,\"height\":394,\"caption\":\"Val\u00e9rie GERVASONI\"},\"image\":{\"@id\":\"https:\/\/valeriegervasoni.fr\/#\/schema\/logo\/image\/\"},\"sameAs\":[\"https:\/\/www.facebook.com\/profile.php?id=100085889790734\",\"https:\/\/www.facebook.com\/profile.php?id=100082958982464\"]}]}<\/script>\n<!-- \/ Yoast SEO plugin. -->","yoast_head_json":{"title":"Val\u00e9rie Gervasoni contact Villard-de-Lans","description":"Val\u00e9rie Gervasoni contact \u00e0 Villard-de-Lans Vercors. Reiki communication animale v\u00e9g\u00e9tale intuitive. Formations","robots":{"index":"index","follow":"follow","max-snippet":"max-snippet:-1","max-image-preview":"max-image-preview:large","max-video-preview":"max-video-preview:-1"},"canonical":"https:\/\/valeriegervasoni.fr\/index.php\/contact\/","og_locale":"fr_FR","og_type":"article","og_title":"Val\u00e9rie Gervasoni contact Villard-de-Lans","og_description":"Val\u00e9rie Gervasoni contact \u00e0 Villard-de-Lans Vercors. Reiki communication animale v\u00e9g\u00e9tale intuitive. Formations","og_url":"https:\/\/valeriegervasoni.fr\/index.php\/contact\/","og_site_name":"Val\u00e9rie GERVASONI","article_publisher":"https:\/\/www.facebook.com\/profile.php?id=100085889790734","article_modified_time":"2024-12-11T16:48:17+00:00","og_image":[{"url":"https:\/\/valeriegervasoni.fr\/wp-content\/uploads\/2024\/01\/montagne-768x147.jpg","type":"","width":"","height":""}],"twitter_card":"summary_large_image","twitter_misc":{"Dur\u00e9e de lecture estim\u00e9e":"1 minute"},"schema":{"@context":"https:\/\/schema.org","@graph":[{"@type":"WebPage","@id":"https:\/\/valeriegervasoni.fr\/index.php\/contact\/","url":"https:\/\/valeriegervasoni.fr\/index.php\/contact\/","name":"Val\u00e9rie Gervasoni contact Villard-de-Lans","isPartOf":{"@id":"https:\/\/valeriegervasoni.fr\/#website"},"primaryImageOfPage":{"@id":"https:\/\/valeriegervasoni.fr\/index.php\/contact\/#primaryimage"},"image":{"@id":"https:\/\/valeriegervasoni.fr\/index.php\/contact\/#primaryimage"},"thumbnailUrl":"https:\/\/valeriegervasoni.fr\/wp-content\/uploads\/2024\/01\/montagne-768x147.jpg","datePublished":"2024-01-06T09:32:56+00:00","dateModified":"2024-12-11T16:48:17+00:00","description":"Val\u00e9rie Gervasoni contact \u00e0 Villard-de-Lans Vercors. Reiki communication animale v\u00e9g\u00e9tale intuitive. Formations","breadcrumb":{"@id":"https:\/\/valeriegervasoni.fr\/index.php\/contact\/#breadcrumb"},"inLanguage":"fr-FR","potentialAction":[{"@type":"ReadAction","target":["https:\/\/valeriegervasoni.fr\/index.php\/contact\/"]}]},{"@type":"ImageObject","inLanguage":"fr-FR","@id":"https:\/\/valeriegervasoni.fr\/index.php\/contact\/#primaryimage","url":"https:\/\/i0.wp.com\/valeriegervasoni.fr\/wp-content\/uploads\/2024\/01\/montagne.jpg?fit=1728%2C330&ssl=1","contentUrl":"https:\/\/i0.wp.com\/valeriegervasoni.fr\/wp-content\/uploads\/2024\/01\/montagne.jpg?fit=1728%2C330&ssl=1","width":1728,"height":330},{"@type":"BreadcrumbList","@id":"https:\/\/valeriegervasoni.fr\/index.php\/contact\/#breadcrumb","itemListElement":[{"@type":"ListItem","position":1,"name":"Accueil","item":"https:\/\/valeriegervasoni.fr\/"},{"@type":"ListItem","position":2,"name":"Contact"}]},{"@type":"WebSite","@id":"https:\/\/valeriegervasoni.fr\/#website","url":"https:\/\/valeriegervasoni.fr\/","name":"Val\u00e9rie GERVASONI","description":"SE CONNECTER AU VIVANT POUR S\u2019OUVRIR A UN MONDE PLUS GRAND","publisher":{"@id":"https:\/\/valeriegervasoni.fr\/#organization"},"potentialAction":[{"@type":"SearchAction","target":{"@type":"EntryPoint","urlTemplate":"https:\/\/valeriegervasoni.fr\/?s={search_term_string}"},"query-input":{"@type":"PropertyValueSpecification","valueRequired":true,"valueName":"search_term_string"}}],"inLanguage":"fr-FR"},{"@type":"Organization","@id":"https:\/\/valeriegervasoni.fr\/#organization","name":"Val\u00e9rie GERVASONI","url":"https:\/\/valeriegervasoni.fr\/","logo":{"@type":"ImageObject","inLanguage":"fr-FR","@id":"https:\/\/valeriegervasoni.fr\/#\/schema\/logo\/image\/","url":"https:\/\/i0.wp.com\/valeriegervasoni.fr\/wp-content\/uploads\/2024\/12\/cropped-cropped-Beige-Simple-Elegant-Personal-LinkedIn-Banner-1.png?fit=1582%2C394&ssl=1","contentUrl":"https:\/\/i0.wp.com\/valeriegervasoni.fr\/wp-content\/uploads\/2024\/12\/cropped-cropped-Beige-Simple-Elegant-Personal-LinkedIn-Banner-1.png?fit=1582%2C394&ssl=1","width":1582,"height":394,"caption":"Val\u00e9rie GERVASONI"},"image":{"@id":"https:\/\/valeriegervasoni.fr\/#\/schema\/logo\/image\/"},"sameAs":["https:\/\/www.facebook.com\/profile.php?id=100085889790734","https:\/\/www.facebook.com\/profile.php?id=100082958982464"]}]}},"jetpack-related-posts":[],"jetpack_sharing_enabled":true,"_links":{"self":[{"href":"https:\/\/valeriegervasoni.fr\/index.php\/wp-json\/wp\/v2\/pages\/254","targetHints":{"allow":["GET"]}}],"collection":[{"href":"https:\/\/valeriegervasoni.fr\/index.php\/wp-json\/wp\/v2\/pages"}],"about":[{"href":"https:\/\/valeriegervasoni.fr\/index.php\/wp-json\/wp\/v2\/types\/page"}],"author":[{"embeddable":true,"href":"https:\/\/valeriegervasoni.fr\/index.php\/wp-json\/wp\/v2\/users\/1"}],"replies":[{"embeddable":true,"href":"https:\/\/valeriegervasoni.fr\/index.php\/wp-json\/wp\/v2\/comments?post=254"}],"version-history":[{"count":31,"href":"https:\/\/valeriegervasoni.fr\/index.php\/wp-json\/wp\/v2\/pages\/254\/revisions"}],"predecessor-version":[{"id":2574,"href":"https:\/\/valeriegervasoni.fr\/index.php\/wp-json\/wp\/v2\/pages\/254\/revisions\/2574"}],"wp:attachment":[{"href":"https:\/\/valeriegervasoni.fr\/index.php\/wp-json\/wp\/v2\/media?parent=254"}],"curies":[{"name":"wp","href":"https:\/\/api.w.org\/{rel}","templated":true}]}}